{"id":102,"date":"2014-05-13T15:28:35","date_gmt":"2014-05-13T12:28:35","guid":{"rendered":"https:\/\/www.kuopionmarjajavihannes.fi\/mv_wp_site\/?page_id=102"},"modified":"2020-04-03T15:02:30","modified_gmt":"2020-04-03T12:02:30","slug":"palvelut","status":"publish","type":"page","link":"https:\/\/www.marjakauppa.fi\/mv_wp_site\/palvelut\/","title":{"rendered":"TUOTTEET"},"content":{"rendered":"<p>[et_pb_section fb_built=&#8221;1&#8243; fullwidth=&#8221;on&#8221; admin_label=&#8221;section&#8221; _builder_version=&#8221;3.22&#8243; background_image=&#8221;https:\/\/www.marjakauppa.fi\/mv_wp_site\/wp-content\/uploads\/2017\/04\/puolukka_splash.jpg&#8221; transparent_background=&#8221;off&#8221; make_fullwidth=&#8221;off&#8221; use_custom_width=&#8221;off&#8221; width_unit=&#8221;on&#8221;][et_pb_fullwidth_header content_max_width=&#8221;none&#8221; admin_label=&#8221;Fullwidth Header&#8221; _builder_version=&#8221;3.16&#8243; background_color=&#8221;rgba(255, 255, 255, 0)&#8221; parallax=&#8221;on&#8221; custom_css_main_element=&#8221;min-height: 200px;&#8221; custom_css_title=&#8221;font-family: SteelfishEb-Regular;&#8221; button_one_letter_spacing_hover=&#8221;0&#8243; button_two_letter_spacing_hover=&#8221;0&#8243; button_one_text_size__hover_enabled=&#8221;off&#8221; button_two_text_size__hover_enabled=&#8221;off&#8221; button_one_text_color__hover_enabled=&#8221;off&#8221; button_two_text_color__hover_enabled=&#8221;off&#8221; button_one_border_width__hover_enabled=&#8221;off&#8221; button_two_border_width__hover_enabled=&#8221;off&#8221; button_one_border_color__hover_enabled=&#8221;off&#8221; button_two_border_color__hover_enabled=&#8221;off&#8221; button_one_border_radius__hover_enabled=&#8221;off&#8221; button_two_border_radius__hover_enabled=&#8221;off&#8221; button_one_letter_spacing__hover_enabled=&#8221;on&#8221; button_one_letter_spacing__hover=&#8221;0&#8243; button_two_letter_spacing__hover_enabled=&#8221;on&#8221; button_two_letter_spacing__hover=&#8221;0&#8243; button_one_bg_color__hover_enabled=&#8221;off&#8221; button_two_bg_color__hover_enabled=&#8221;off&#8221;][\/et_pb_fullwidth_header][\/et_pb_section][et_pb_section fb_built=&#8221;1&#8243; admin_label=&#8221;section&#8221; _builder_version=&#8221;3.22&#8243;][et_pb_row admin_label=&#8221;row&#8221; _builder_version=&#8221;3.25&#8243; background_size=&#8221;initial&#8221; background_position=&#8221;top_left&#8221; background_repeat=&#8221;repeat&#8221; column_structure=&#8221;1_3,2_3&#8243;][et_pb_column type=&#8221;1_3&#8243; _builder_version=&#8221;3.25&#8243; custom_padding=&#8221;|||&#8221; custom_padding__hover=&#8221;|||&#8221;][et_pb_image src=&#8221;https:\/\/www.marjakauppa.fi\/mv_wp_site\/wp-content\/uploads\/2014\/05\/tuotteet_ymp.jpg&#8221; align_tablet=&#8221;center&#8221; align_last_edited=&#8221;on|desktop&#8221; disabled_on=&#8221;on|on|&#8221; admin_label=&#8221;Image&#8221; _builder_version=&#8221;3.23&#8243; max_width=&#8221;90%&#8221; custom_margin=&#8221;10px|||50px&#8221; use_border_color=&#8221;off&#8221; border_color=&#8221;#ffffff&#8221; border_style=&#8221;solid&#8221; animation=&#8221;off&#8221; sticky=&#8221;off&#8221; always_center_on_mobile=&#8221;on&#8221;][\/et_pb_image][\/et_pb_column][et_pb_column type=&#8221;2_3&#8243; _builder_version=&#8221;3.25&#8243; custom_padding=&#8221;|||&#8221; custom_padding__hover=&#8221;|||&#8221;][et_pb_text admin_label=&#8221;Text&#8221; _builder_version=&#8221;3.27.4&#8243; background_size=&#8221;initial&#8221; background_position=&#8221;top_left&#8221; background_repeat=&#8221;repeat&#8221;]<\/p>\n<h1>Makeat marjat ja kirsikat\u2026<\/h1>\n<p>\u2026sek\u00e4 herkulliset herneet ja sienet voit ostaa k\u00e4tev\u00e4sti ostosreissun yhteydess\u00e4 myyntipisteist\u00e4mme, jotka sijaitsevat K-citymarket kolmisopen p\u00e4\u00e4oven edess\u00e4 sek\u00e4\u00a0K-citymarket\u00a0p\u00e4iv\u00e4rannan sis\u00e4\u00e4nk\u00e4ynnin edustalla.<\/p>\n<ul>\n<li>mansikat<\/li>\n<li>puutarhavadelmat<\/li>\n<li>mets\u00e4mustikat<\/li>\n<li>pensasmustikat<\/li>\n<li>hillat<\/li>\n<li>mustaherukat<\/li>\n<li>punaherukat<\/li>\n<li>puolukat<\/li>\n<li>herneet<\/li>\n<li>kirsikat<\/li>\n<li>sienet<\/li>\n<\/ul>\n<p><strong> &#8230; tai aja suoraan varastolle!<br \/>\n<\/strong>Lis\u00e4ksi myymme samoja tuotteita laatikoittain suoraan varastomme kylmi\u00f6st\u00e4 Kelloniemess\u00e4 osoitteessa Suurahontie 5.<\/p>\n<p>&nbsp;<br \/>\n[\/et_pb_text][\/et_pb_column][\/et_pb_row][\/et_pb_section]<\/p>\n","protected":false},"excerpt":{"rendered":"<p>Makeat marjat ja kirsikat\u2026 \u2026sek\u00e4 herkulliset herneet ja sienet voit ostaa k\u00e4tev\u00e4sti ostosreissun yhteydess\u00e4 myyntipisteist\u00e4mme, jotka sijaitsevat K-citymarket kolmisopen p\u00e4\u00e4oven edess\u00e4 sek\u00e4\u00a0K-citymarket\u00a0p\u00e4iv\u00e4rannan sis\u00e4\u00e4nk\u00e4ynnin edustalla. mansikat puutarhavadelmat mets\u00e4mustikat pensasmustikat hillat mustaherukat punaherukat puolukat herneet kirsikat sienet &#8230; tai aja suoraan varastolle! Lis\u00e4ksi myymme samoja tuotteita laatikoittain suoraan varastomme kylmi\u00f6st\u00e4 Kelloniemess\u00e4 osoitteessa Suurahontie 5. &nbsp;<\/p>\n","protected":false},"author":1,"featured_media":0,"parent":0,"menu_order":0,"comment_status":"open","ping_status":"open","template":"","meta":{"_et_pb_use_builder":"on","_et_pb_old_content":"","_et_gb_content_width":"","footnotes":""},"class_list":["post-102","page","type-page","status-publish","hentry"],"_links":{"self":[{"href":"https:\/\/www.marjakauppa.fi\/mv_wp_site\/wp-json\/wp\/v2\/pages\/102","targetHints":{"allow":["GET"]}}],"collection":[{"href":"https:\/\/www.marjakauppa.fi\/mv_wp_site\/wp-json\/wp\/v2\/pages"}],"about":[{"href":"https:\/\/www.marjakauppa.fi\/mv_wp_site\/wp-json\/wp\/v2\/types\/page"}],"author":[{"embeddable":true,"href":"https:\/\/www.marjakauppa.fi\/mv_wp_site\/wp-json\/wp\/v2\/users\/1"}],"replies":[{"embeddable":true,"href":"https:\/\/www.marjakauppa.fi\/mv_wp_site\/wp-json\/wp\/v2\/comments?post=102"}],"version-history":[{"count":30,"href":"https:\/\/www.marjakauppa.fi\/mv_wp_site\/wp-json\/wp\/v2\/pages\/102\/revisions"}],"predecessor-version":[{"id":1831,"href":"https:\/\/www.marjakauppa.fi\/mv_wp_site\/wp-json\/wp\/v2\/pages\/102\/revisions\/1831"}],"wp:attachment":[{"href":"https:\/\/www.marjakauppa.fi\/mv_wp_site\/wp-json\/wp\/v2\/media?parent=102"}],"curies":[{"name":"wp","href":"https:\/\/api.w.org\/{rel}","templated":true}]}}