{"id":1702,"date":"2020-04-01T16:00:46","date_gmt":"2020-04-01T13:00:46","guid":{"rendered":"https:\/\/www.kuopionmarjajavihannes.fi\/mv_wp_site\/kauppa\/"},"modified":"2026-04-24T14:08:43","modified_gmt":"2026-04-24T11:08:43","slug":"kauppa","status":"publish","type":"page","link":"https:\/\/www.marjakauppa.fi\/mv_wp_site\/","title":{"rendered":"Kauppa"},"content":{"rendered":"<p>[et_pb_section fb_built=&#8221;1&#8243; fullwidth=&#8221;on&#8221; admin_label=&#8221;Osio&#8221; _builder_version=&#8221;4.16&#8243; module_alignment=&#8221;center&#8221; custom_padding=&#8221;||||false|false&#8221; global_colors_info=&#8221;{}&#8221;][et_pb_fullwidth_slider admin_label=&#8221;Koko sivun levyinen vieritin&#8221; _builder_version=&#8221;4.16&#8243; header_font_size=&#8221;92&#8243; header_line_height=&#8221;1.1em&#8221; custom_button=&#8221;on&#8221; button_bg_color=&#8221;rgba(0,0,0,0.17)&#8221; button_border_width=&#8221;3&#8243; button_border_radius=&#8221;100&#8243; button_icon=&#8221;%%192%%&#8221; button_icon_color=&#8221;#ffffff&#8221; button_on_hover=&#8221;off&#8221; module_alignment=&#8221;center&#8221; custom_padding=&#8221;5vw||7vw||false|false&#8221; custom_padding_tablet=&#8221;|||&#8221; custom_padding_phone=&#8221;|||&#8221; auto=&#8221;on&#8221; auto_speed=&#8221;4000&#8243; header_font_size_tablet=&#8221;&#8221; header_font_size_phone=&#8221;48&#8243; header_font_size_last_edited=&#8221;on|desktop&#8221; custom_css_slide_title=&#8221;font-family: SteelfishEb-Regular;&#8221; box_shadow_style=&#8221;preset6&#8243; box_shadow_blur=&#8221;10px&#8221; box_shadow_color=&#8221;rgba(0,0,0,0.1)&#8221; show_inner_shadow=&#8221;on&#8221; global_colors_info=&#8221;{}&#8221; button_text_size__hover_enabled=&#8221;off&#8221; button_one_text_size__hover_enabled=&#8221;off&#8221; button_two_text_size__hover_enabled=&#8221;off&#8221; button_text_color__hover_enabled=&#8221;off&#8221; button_one_text_color__hover_enabled=&#8221;off&#8221; button_two_text_color__hover_enabled=&#8221;off&#8221; button_border_width__hover_enabled=&#8221;off&#8221; button_one_border_width__hover_enabled=&#8221;off&#8221; button_two_border_width__hover_enabled=&#8221;off&#8221; button_border_color__hover_enabled=&#8221;off&#8221; button_one_border_color__hover_enabled=&#8221;off&#8221; button_two_border_color__hover_enabled=&#8221;off&#8221; button_border_radius__hover_enabled=&#8221;off&#8221; button_one_border_radius__hover_enabled=&#8221;off&#8221; button_two_border_radius__hover_enabled=&#8221;off&#8221; button_letter_spacing__hover_enabled=&#8221;off&#8221; button_one_letter_spacing__hover_enabled=&#8221;off&#8221; button_two_letter_spacing__hover_enabled=&#8221;off&#8221; button_bg_color__hover_enabled=&#8221;off&#8221; button_one_bg_color__hover_enabled=&#8221;off&#8221; button_two_bg_color__hover_enabled=&#8221;off&#8221;][et_pb_slide heading=&#8221;Makeat marjat, herkulliset herneet ja sienet!&#8221; button_link=&#8221;#hinnat&#8221; use_bg_overlay=&#8221;off&#8221; use_text_overlay=&#8221;off&#8221; _builder_version=&#8221;4.16&#8243; header_level=&#8221;h2&#8243; header_font=&#8221;Oswald|600||on|||||&#8221; header_font_size=&#8221;56px&#8221; body_font=&#8221;||||&#8221; background_color=&#8221;#ffffff&#8221; background_image=&#8221;https:\/\/www.marjakauppa.fi\/mv_wp_site\/wp-content\/uploads\/2017\/04\/mansikat2_splash.jpg&#8221; button_icon_placement=&#8221;right&#8221; button_on_hover=&#8221;on&#8221; header_font_size_tablet=&#8221;&#8221; header_font_size_phone=&#8221;42px&#8221; header_font_size_last_edited=&#8221;on|phone&#8221; global_colors_info=&#8221;{}&#8221; button_text_size__hover_enabled=&#8221;off&#8221; button_one_text_size__hover_enabled=&#8221;off&#8221; button_two_text_size__hover_enabled=&#8221;off&#8221; button_text_color__hover_enabled=&#8221;off&#8221; button_one_text_color__hover_enabled=&#8221;off&#8221; button_two_text_color__hover_enabled=&#8221;off&#8221; button_border_width__hover_enabled=&#8221;off&#8221; button_one_border_width__hover_enabled=&#8221;off&#8221; button_two_border_width__hover_enabled=&#8221;off&#8221; button_border_color__hover_enabled=&#8221;off&#8221; button_one_border_color__hover_enabled=&#8221;off&#8221; button_two_border_color__hover_enabled=&#8221;off&#8221; button_border_radius__hover_enabled=&#8221;off&#8221; button_one_border_radius__hover_enabled=&#8221;off&#8221; button_two_border_radius__hover_enabled=&#8221;off&#8221; button_letter_spacing__hover_enabled=&#8221;off&#8221; button_one_letter_spacing__hover_enabled=&#8221;off&#8221; button_two_letter_spacing__hover_enabled=&#8221;off&#8221; button_bg_color__hover_enabled=&#8221;off&#8221; button_one_bg_color__hover_enabled=&#8221;off&#8221; button_two_bg_color__hover_enabled=&#8221;off&#8221; sticky_transition=&#8221;on&#8221;][\/et_pb_slide][et_pb_slide heading=&#8221;Makeat marjat, herkulliset herneet ja sienet!&#8221; button_link=&#8221;#hinnat&#8221; use_bg_overlay=&#8221;off&#8221; use_text_overlay=&#8221;off&#8221; _builder_version=&#8221;4.16&#8243; header_font=&#8221;Oswald|700||on|||||&#8221; header_font_size=&#8221;56px&#8221; body_font=&#8221;||||&#8221; background_color=&#8221;#ffffff&#8221; background_image=&#8221;https:\/\/www.marjakauppa.fi\/mv_wp_site\/wp-content\/uploads\/2017\/04\/herne_splash.jpg&#8221; background_enable_image=&#8221;on&#8221; button_icon_placement=&#8221;right&#8221; button_on_hover=&#8221;on&#8221; header_font_size_tablet=&#8221;&#8221; header_font_size_phone=&#8221;42px&#8221; header_font_size_last_edited=&#8221;on|desktop&#8221; global_colors_info=&#8221;{}&#8221; button_text_size__hover_enabled=&#8221;off&#8221; button_one_text_size__hover_enabled=&#8221;off&#8221; button_two_text_size__hover_enabled=&#8221;off&#8221; button_text_color__hover_enabled=&#8221;off&#8221; button_one_text_color__hover_enabled=&#8221;off&#8221; button_two_text_color__hover_enabled=&#8221;off&#8221; button_border_width__hover_enabled=&#8221;off&#8221; button_one_border_width__hover_enabled=&#8221;off&#8221; button_two_border_width__hover_enabled=&#8221;off&#8221; button_border_color__hover_enabled=&#8221;off&#8221; button_one_border_color__hover_enabled=&#8221;off&#8221; button_two_border_color__hover_enabled=&#8221;off&#8221; button_border_radius__hover_enabled=&#8221;off&#8221; button_one_border_radius__hover_enabled=&#8221;off&#8221; button_two_border_radius__hover_enabled=&#8221;off&#8221; button_letter_spacing__hover_enabled=&#8221;off&#8221; button_one_letter_spacing__hover_enabled=&#8221;off&#8221; button_two_letter_spacing__hover_enabled=&#8221;off&#8221; button_bg_color__hover_enabled=&#8221;off&#8221; button_one_bg_color__hover_enabled=&#8221;off&#8221; button_two_bg_color__hover_enabled=&#8221;off&#8221; sticky_transition=&#8221;on&#8221;][\/et_pb_slide][et_pb_slide heading=&#8221;Makeat marjat, herkulliset herneet ja sienet!&#8221; button_link=&#8221;#hinnat&#8221; use_bg_overlay=&#8221;off&#8221; use_text_overlay=&#8221;off&#8221; _builder_version=&#8221;4.16&#8243; header_level=&#8221;h1&#8243; header_font=&#8221;Oswald|700||on|||||&#8221; header_font_size=&#8221;56px&#8221; body_font=&#8221;||||&#8221; background_color=&#8221;#ffffff&#8221; background_image=&#8221;https:\/\/www.marjakauppa.fi\/mv_wp_site\/wp-content\/uploads\/2017\/04\/kantarelli_splash.jpg&#8221; background_enable_image=&#8221;on&#8221; button_icon_placement=&#8221;right&#8221; button_on_hover=&#8221;on&#8221; header_font_size_tablet=&#8221;&#8221; header_font_size_phone=&#8221;42px&#8221; header_font_size_last_edited=&#8221;on|phone&#8221; global_colors_info=&#8221;{}&#8221; button_text_size__hover_enabled=&#8221;off&#8221; button_one_text_size__hover_enabled=&#8221;off&#8221; button_two_text_size__hover_enabled=&#8221;off&#8221; button_text_color__hover_enabled=&#8221;off&#8221; button_one_text_color__hover_enabled=&#8221;off&#8221; button_two_text_color__hover_enabled=&#8221;off&#8221; button_border_width__hover_enabled=&#8221;off&#8221; button_one_border_width__hover_enabled=&#8221;off&#8221; button_two_border_width__hover_enabled=&#8221;off&#8221; button_border_color__hover_enabled=&#8221;off&#8221; button_one_border_color__hover_enabled=&#8221;off&#8221; button_two_border_color__hover_enabled=&#8221;off&#8221; button_border_radius__hover_enabled=&#8221;off&#8221; button_one_border_radius__hover_enabled=&#8221;off&#8221; button_two_border_radius__hover_enabled=&#8221;off&#8221; button_letter_spacing__hover_enabled=&#8221;off&#8221; button_one_letter_spacing__hover_enabled=&#8221;off&#8221; button_two_letter_spacing__hover_enabled=&#8221;off&#8221; button_bg_color__hover_enabled=&#8221;off&#8221; button_one_bg_color__hover_enabled=&#8221;off&#8221; button_two_bg_color__hover_enabled=&#8221;off&#8221; sticky_transition=&#8221;on&#8221;][\/et_pb_slide][\/et_pb_fullwidth_slider][\/et_pb_section][et_pb_section fb_built=&#8221;1&#8243; _builder_version=&#8221;4.16&#8243; custom_padding=&#8221;27px|||||&#8221; global_colors_info=&#8221;{}&#8221;][et_pb_row _builder_version=&#8221;4.16&#8243; width=&#8221;85%&#8221; width_tablet=&#8221;&#8221; width_phone=&#8221;90%&#8221; width_last_edited=&#8221;on|desktop&#8221; max_width=&#8221;85%&#8221; max_width_tablet=&#8221;&#8221; max_width_phone=&#8221;90%&#8221; max_width_last_edited=&#8221;on|phone&#8221; custom_padding=&#8221;||0px|||&#8221; border_width_top=&#8221;2px&#8221; border_color_top=&#8221;#e02b20&#8243; global_colors_info=&#8221;{}&#8221;][et_pb_column type=&#8221;4_4&#8243; _builder_version=&#8221;4.16&#8243; global_colors_info=&#8221;{}&#8221;][et_pb_image src=&#8221;https:\/\/www.marjakauppa.fi\/mv_wp_site\/wp-content\/uploads\/2020\/04\/marjakauppatunnus2.png&#8221; align=&#8221;center&#8221; _builder_version=&#8221;4.16&#8243; width=&#8221;100%&#8221; max_width=&#8221;24%&#8221; max_width_tablet=&#8221;50%&#8221; max_width_phone=&#8221;70%&#8221; max_width_last_edited=&#8221;on|desktop&#8221; module_alignment=&#8221;center&#8221; custom_margin=&#8221;||0px||false|false&#8221; custom_padding=&#8221;||0px||false|false&#8221; global_colors_info=&#8221;{}&#8221;][\/et_pb_image][et_pb_text _builder_version=&#8221;4.16&#8243; text_font=&#8221;Encode Sans Condensed|300|||||||&#8221; text_text_color=&#8221;#000000&#8243; text_font_size=&#8221;24px&#8221; text_letter_spacing=&#8221;-0.03em&#8221; text_line_height=&#8221;1.3em&#8221; link_text_color=&#8221;#000000&#8243; header_2_font=&#8221;Encode Sans Condensed|600|||||||&#8221; text_orientation=&#8221;center&#8221; custom_margin=&#8221;1px|||||&#8221; custom_padding=&#8221;2px|||||&#8221; text_font_size_tablet=&#8221;&#8221; text_font_size_phone=&#8221;18px&#8221; text_font_size_last_edited=&#8221;on|phone&#8221; global_colors_info=&#8221;{}&#8221;][\/et_pb_text][et_pb_text _builder_version=&#8221;4.16&#8243; text_font=&#8221;Encode Sans Condensed|300|||||||&#8221; text_text_color=&#8221;#000000&#8243; text_font_size=&#8221;24px&#8221; text_letter_spacing=&#8221;-0.03em&#8221; text_line_height=&#8221;1.3em&#8221; link_text_color=&#8221;#000000&#8243; header_2_font=&#8221;Encode Sans Condensed|600|||||||&#8221; header_2_text_color=&#8221;#E02B20&#8243; text_orientation=&#8221;center&#8221; custom_padding=&#8221;10px||0px|||&#8221; text_font_size_tablet=&#8221;&#8221; text_font_size_phone=&#8221;18px&#8221; text_font_size_last_edited=&#8221;on|phone&#8221; global_colors_info=&#8221;{}&#8221;]<\/p>\n<p>&nbsp;<\/p>\n<h2>Tilaa satokauden kotimaiset marjat pakasteena helposti verkkokaupastamme!<\/h2>\n<p><span style=\"font-size: xx-large;\"><\/span><\/p>\n<p><span style=\"color: #000000; font-size: x-large;\">Valitse tuotteet, etene kassalle ja tee tilaus, toimitamme tuotteet kotiisi. Maksu toimituksen yhteydess\u00e4 k\u00e4teisell\u00e4 tai kortilla. Toimitusmaksu 5\u20ac \/ tilaus. (Toimitusalueet: postinumerot 70100 &#8211; 70840, lis\u00e4ksi 70900-70910)<\/span><\/p>\n<p><strong>Toimitukset:<\/strong><\/p>\n<p><strong><span style=\"color: #e02b20;\">Tiistaisin klo\u00a0 16 &#8211; 19\u00a0\u00a0<\/span><\/strong><\/p>\n<p><span style=\"color: #e02b20;\"><strong>Torstaisin klo\u00a0 9 &#8211; 12 \u00a0<\/strong><\/span><\/p>\n<p><strong><span style=\"color: #e02b20;\"><span style=\"color: #0c71c3;\"><\/span><\/span><\/strong><\/p>\n<p><strong>Huom! Tilaukset viimeist\u00e4\u00e4n toimitusta edelt\u00e4vin\u00e4 p\u00e4ivin\u00e4 klo 24 menness\u00e4.<span style=\"color: #e02b20;\"><\/span><\/strong><\/p>\n<p>Voit my\u00f6s tulla varastollemme ja valita pakastealtaista tuotteet itse.<strong><\/strong><\/p>\n<p><strong>Palvelemme Kelloniemess\u00e4 kylm\u00e4varastollamme:<\/strong><\/p>\n<p><strong><span style=\"color: #e02b20;\">Maanantaisin klo 14 &#8211; 17\u00a0<\/span><\/strong><\/p>\n<p><strong><span style=\"color: #e02b20;\">Perjantaisin klo 9 &#8211; 14<span style=\"color: #000000;\"> (suljettu 1.5.)<\/span><\/span><\/strong><\/p>\n<p><strong><span style=\"color: #e02b20;\"><span style=\"color: #000000;\"><\/span><\/span><\/strong><\/p>\n<p><span style=\"color: #0c71c3;\"><strong>Vappup\u00e4iv\u00e4n vuoksi palvelemme torstaina 30.4. klo 9 &#8211; 14<\/strong><\/span><\/p>\n<p><span style=\"color: #e02b20;\"><strong><\/strong><\/span><\/p>\n<p><strong>Muina aikoina puh: 050 3373 678<\/strong><\/p>\n<p><strong><\/strong><\/p>\n<p><strong><\/strong><\/p>\n<p>[\/et_pb_text][\/et_pb_column][\/et_pb_row][et_pb_row _builder_version=&#8221;4.16&#8243; width_tablet=&#8221;&#8221; width_phone=&#8221;&#8221; width_last_edited=&#8221;on|desktop&#8221; max_width=&#8221;80%&#8221; max_width_tablet=&#8221;&#8221; max_width_phone=&#8221;&#8221; max_width_last_edited=&#8221;on|desktop&#8221; custom_margin=&#8221;-2px|auto||auto||&#8221; global_colors_info=&#8221;{}&#8221;][et_pb_column type=&#8221;4_4&#8243; _builder_version=&#8221;4.16&#8243; global_colors_info=&#8221;{}&#8221;][et_pb_text _builder_version=&#8221;4.16&#8243; header_font=&#8221;Encode Sans Condensed||||||||&#8221; header_text_align=&#8221;center&#8221; header_text_color=&#8221;#e02b20&#8243; custom_padding=&#8221;6px|||||&#8221; border_width_bottom=&#8221;1px&#8221; border_color_bottom=&#8221;#e02b20&#8243; global_colors_info=&#8221;{}&#8221;]<\/p>\n<h1>Pakasteet\u00a0<\/h1>\n<p>[\/et_pb_text][et_pb_db_shop_loop loop_layout=&#8221;1852&#8243; hide_non_purchasable=&#8221;on&#8221; fullwidth=&#8221;off&#8221; columns=&#8221;4&#8243; columns_mobile=&#8221;2&#8243; custom_loop=&#8221;on&#8221; posts_number=&#8221;24&#8243; include_cats=&#8221;pakasteet&#8221; show_rating=&#8221;off&#8221; show_price=&#8221;off&#8221; show_add_to_cart=&#8221;off&#8221; _builder_version=&#8221;4.16&#8243; module_alignment=&#8221;center&#8221; global_colors_info=&#8221;{}&#8221;][\/et_pb_db_shop_loop][\/et_pb_column][\/et_pb_row][et_pb_row _builder_version=&#8221;4.16&#8243; _module_preset=&#8221;default&#8221; custom_padding=&#8221;14px|||||&#8221; global_colors_info=&#8221;{}&#8221;][et_pb_column type=&#8221;4_4&#8243; _builder_version=&#8221;4.16&#8243; _module_preset=&#8221;default&#8221; global_colors_info=&#8221;{}&#8221;][et_pb_text _builder_version=&#8221;4.16&#8243; _module_preset=&#8221;default&#8221; text_font=&#8221;Encode Sans Condensed||||||||&#8221; text_font_size=&#8221;18px&#8221; link_text_color=&#8221;#e02b20&#8243; header_font=&#8221;Encode Sans Condensed|300|||||||&#8221; header_font_size=&#8221;45px&#8221; header_letter_spacing=&#8221;-0.03em&#8221; custom_margin=&#8221;||4px|||&#8221; text_font_size_tablet=&#8221;&#8221; text_font_size_phone=&#8221;&#8221; text_font_size_last_edited=&#8221;on|phone&#8221; header_text_color_tablet=&#8221;&#8221; header_text_color_phone=&#8221;&#8221; header_text_color_last_edited=&#8221;on|desktop&#8221; global_colors_info=&#8221;{}&#8221;]<\/p>\n<h1 style=\"text-align: center;\">Suomalaiset t\u00e4ysmehut <span style=\"color: #e02b20;\"><br \/><\/span><\/h1>\n<p style=\"text-align: center;\">Kylm\u00e4puristettu kotimaisista marjoista. Ei sis\u00e4ll\u00e4 sokeria, eik\u00e4 lis\u00e4aineita. Past\u00f6roitu. Kuusi raikasta makua k\u00e4tev\u00e4n kokoisissa puolen litran lasipulloissa. S\u00e4ilyy avattuna j\u00e4\u00e4kaapissa n. 1 kuukauden. Laimennus 1 osa mehua, 4-5 osaa vett\u00e4.<\/p>\n<p>[\/et_pb_text][\/et_pb_column][\/et_pb_row][et_pb_row _builder_version=&#8221;4.16&#8243; width_tablet=&#8221;&#8221; width_phone=&#8221;&#8221; width_last_edited=&#8221;on|desktop&#8221; max_width=&#8221;80%&#8221; max_width_tablet=&#8221;&#8221; max_width_phone=&#8221;&#8221; max_width_last_edited=&#8221;on|desktop&#8221; global_colors_info=&#8221;{}&#8221;][et_pb_column type=&#8221;4_4&#8243; _builder_version=&#8221;4.16&#8243; global_colors_info=&#8221;{}&#8221;][et_pb_db_shop_loop loop_layout=&#8221;1852&#8243; hide_non_purchasable=&#8221;on&#8221; fullwidth=&#8221;off&#8221; columns=&#8221;4&#8243; columns_mobile=&#8221;2&#8243; custom_loop=&#8221;on&#8221; posts_number=&#8221;24&#8243; include_cats=&#8221;Mehut&#8221; show_rating=&#8221;off&#8221; show_price=&#8221;off&#8221; show_add_to_cart=&#8221;off&#8221; _builder_version=&#8221;4.16&#8243; module_alignment=&#8221;center&#8221; global_colors_info=&#8221;{}&#8221;][\/et_pb_db_shop_loop][\/et_pb_column][\/et_pb_row][et_pb_row module_id=&#8221;mehut&#8221; _builder_version=&#8221;4.16&#8243; width_tablet=&#8221;&#8221; width_phone=&#8221;&#8221; width_last_edited=&#8221;on|desktop&#8221; max_width=&#8221;80%&#8221; max_width_tablet=&#8221;&#8221; max_width_phone=&#8221;&#8221; max_width_last_edited=&#8221;on|desktop&#8221; global_colors_info=&#8221;{}&#8221;][et_pb_column type=&#8221;4_4&#8243; _builder_version=&#8221;4.16&#8243; global_colors_info=&#8221;{}&#8221;][et_pb_text _builder_version=&#8221;4.16&#8243; header_font=&#8221;Encode Sans Condensed||||||||&#8221; header_text_align=&#8221;center&#8221; header_text_color=&#8221;#e02b20&#8243; border_width_bottom=&#8221;1px&#8221; border_color_bottom=&#8221;#e02b20&#8243; global_colors_info=&#8221;{}&#8221;]<\/p>\n<h1>Muut tuotteet<\/h1>\n<p>[\/et_pb_text][et_pb_db_shop_loop enable_pagination=&#8221;off&#8221; loop_layout=&#8221;1852&#8243; hide_non_purchasable=&#8221;on&#8221; link_whole_gird=&#8221;off&#8221; fullwidth=&#8221;off&#8221; columns=&#8221;4&#8243; columns_mobile=&#8221;2&#8243; custom_loop=&#8221;on&#8221; posts_number=&#8221;6&#8243; include_cats=&#8221;Muut tuotteet&#8221; show_rating=&#8221;off&#8221; show_price=&#8221;off&#8221; show_add_to_cart=&#8221;off&#8221; _builder_version=&#8221;4.16&#8243; module_alignment=&#8221;center&#8221; global_colors_info=&#8221;{}&#8221;][\/et_pb_db_shop_loop][\/et_pb_column][\/et_pb_row][\/et_pb_section]<\/p>\n","protected":false},"excerpt":{"rendered":"<p>&nbsp; Tilaa satokauden kotimaiset marjat pakasteena helposti verkkokaupastamme! Valitse tuotteet, etene kassalle ja tee tilaus, toimitamme tuotteet kotiisi. Maksu toimituksen yhteydess\u00e4 k\u00e4teisell\u00e4 tai kortilla. Toimitusmaksu 5\u20ac \/ tilaus. (Toimitusalueet: postinumerot 70100 &#8211; 70840, lis\u00e4ksi 70900-70910) Toimitukset: Tiistaisin klo\u00a0 16 &#8211; 19\u00a0\u00a0 Torstaisin klo\u00a0 9 &#8211; 12 \u00a0 Huom! Tilaukset viimeist\u00e4\u00e4n toimitusta edelt\u00e4vin\u00e4 p\u00e4ivin\u00e4 klo 24 [&hellip;]<\/p>\n","protected":false},"author":1,"featured_media":0,"parent":0,"menu_order":0,"comment_status":"closed","ping_status":"closed","template":"","meta":{"_et_pb_use_builder":"on","_et_pb_old_content":"","_et_gb_content_width":"1080","footnotes":""},"class_list":["post-1702","page","type-page","status-publish","hentry"],"_links":{"self":[{"href":"https:\/\/www.marjakauppa.fi\/mv_wp_site\/wp-json\/wp\/v2\/pages\/1702","targetHints":{"allow":["GET"]}}],"collection":[{"href":"https:\/\/www.marjakauppa.fi\/mv_wp_site\/wp-json\/wp\/v2\/pages"}],"about":[{"href":"https:\/\/www.marjakauppa.fi\/mv_wp_site\/wp-json\/wp\/v2\/types\/page"}],"author":[{"embeddable":true,"href":"https:\/\/www.marjakauppa.fi\/mv_wp_site\/wp-json\/wp\/v2\/users\/1"}],"replies":[{"embeddable":true,"href":"https:\/\/www.marjakauppa.fi\/mv_wp_site\/wp-json\/wp\/v2\/comments?post=1702"}],"version-history":[{"count":336,"href":"https:\/\/www.marjakauppa.fi\/mv_wp_site\/wp-json\/wp\/v2\/pages\/1702\/revisions"}],"predecessor-version":[{"id":5620,"href":"https:\/\/www.marjakauppa.fi\/mv_wp_site\/wp-json\/wp\/v2\/pages\/1702\/revisions\/5620"}],"wp:attachment":[{"href":"https:\/\/www.marjakauppa.fi\/mv_wp_site\/wp-json\/wp\/v2\/media?parent=1702"}],"curies":[{"name":"wp","href":"https:\/\/api.w.org\/{rel}","templated":true}]}}