{"id":97,"date":"2014-05-13T15:22:40","date_gmt":"2014-05-13T12:22:40","guid":{"rendered":"https:\/\/www.kuopionmarjajavihannes.fi\/mv_wp_site\/?page_id=97"},"modified":"2020-09-15T17:50:33","modified_gmt":"2020-09-15T14:50:33","slug":"yritys","status":"publish","type":"page","link":"https:\/\/www.marjakauppa.fi\/mv_wp_site\/yritys\/","title":{"rendered":"YRITYS"},"content":{"rendered":"<p>[et_pb_section fb_built=&#8221;1&#8243; fullwidth=&#8221;on&#8221; admin_label=&#8221;section&#8221; _builder_version=&#8221;3.22&#8243; background_image=&#8221;https:\/\/www.marjakauppa.fi\/mv_wp_site\/wp-content\/uploads\/2014\/05\/lakka_header.jpg&#8221;][et_pb_fullwidth_header content_max_width=&#8221;none&#8221; admin_label=&#8221;Fullwidth Header&#8221; _builder_version=&#8221;3.16&#8243; background_color=&#8221;rgba(255, 255, 255, 0)&#8221; custom_css_main_element=&#8221;min-height: 200px;&#8221; button_one_text_size__hover_enabled=&#8221;off&#8221; button_two_text_size__hover_enabled=&#8221;off&#8221; button_one_text_color__hover_enabled=&#8221;off&#8221; button_two_text_color__hover_enabled=&#8221;off&#8221; button_one_border_width__hover_enabled=&#8221;off&#8221; button_two_border_width__hover_enabled=&#8221;off&#8221; button_one_border_color__hover_enabled=&#8221;off&#8221; button_two_border_color__hover_enabled=&#8221;off&#8221; button_one_border_radius__hover_enabled=&#8221;off&#8221; button_two_border_radius__hover_enabled=&#8221;off&#8221; button_one_letter_spacing__hover_enabled=&#8221;off&#8221; button_two_letter_spacing__hover_enabled=&#8221;off&#8221; button_one_bg_color__hover_enabled=&#8221;off&#8221; button_two_bg_color__hover_enabled=&#8221;off&#8221;][\/et_pb_fullwidth_header][\/et_pb_section][et_pb_section fb_built=&#8221;1&#8243; admin_label=&#8221;section&#8221; _builder_version=&#8221;3.22&#8243;][et_pb_row column_structure=&#8221;1_3,2_3&#8243; admin_label=&#8221;Rivi&#8221; _builder_version=&#8221;3.25&#8243; background_size=&#8221;initial&#8221; background_position=&#8221;top_left&#8221; background_repeat=&#8221;repeat&#8221;][et_pb_column type=&#8221;1_3&#8243; _builder_version=&#8221;3.25&#8243; custom_padding=&#8221;|||&#8221; custom_padding__hover=&#8221;|||&#8221;][et_pb_image src=&#8221;https:\/\/www.marjakauppa.fi\/mv_wp_site\/wp-content\/uploads\/2014\/05\/yritys_ymp.jpg&#8221; align_tablet=&#8221;center&#8221; align_phone=&#8221;&#8221; align_last_edited=&#8221;on|desktop&#8221; disabled_on=&#8221;on|on|&#8221; admin_label=&#8221;Kuva&#8221; _builder_version=&#8221;3.23&#8243; max_width=&#8221;90%&#8221; custom_margin=&#8221;|||50px&#8221; custom_css_main_element=&#8221;padding-bottom: 50px;&#8221; animation=&#8221;off&#8221;][\/et_pb_image][\/et_pb_column][et_pb_column type=&#8221;2_3&#8243; _builder_version=&#8221;3.25&#8243; custom_padding=&#8221;|||&#8221; custom_padding__hover=&#8221;|||&#8221;][et_pb_text admin_label=&#8221;Text&#8221; _builder_version=&#8221;3.27.4&#8243; background_size=&#8221;initial&#8221; background_position=&#8221;top_left&#8221; background_repeat=&#8221;repeat&#8221;]<\/p>\n<h1>Tuoretavaraa yli 50<br \/>\nsatovuoden kokemuksella<\/h1>\n<p>Kuopion Marja ja Vihannes Oy on vuonna 1957 perustettu kuopiolainen perheyritys.<\/p>\n<p>Teemme yhteisty\u00f6t\u00e4 paikallisten tuottajien kanssa, mink\u00e4 ansiosta pystymme tarjoamaan taatusti tuoreita tuotteita sek\u00e4 aitoa l\u00e4hiruokaa: suurin osa myymist\u00e4mme tuotteista tulee Pohjois-Savosta.<\/p>\n<p>&nbsp;<\/p>\n<p>[\/et_pb_text][et_pb_video src=&#8221;https:\/\/youtu.be\/HkLFojEOQRs&#8221; _builder_version=&#8221;3.0.47&#8243;][\/et_pb_video][et_pb_text _builder_version=&#8221;3.27.4&#8243; background_size=&#8221;initial&#8221; background_position=&#8221;top_left&#8221; background_repeat=&#8221;repeat&#8221;]<\/p>\n<p><em><img loading=\"lazy\" decoding=\"async\" src=\"https:\/\/www.marjakauppa.fi\/mv_wp_site\/wp-content\/uploads\/2019\/07\/timojamansikkalootat.jpg\" alt=\"\" class=\"wp-image-1536 alignleft size-full\" width=\"948\" height=\"540\" srcset=\"https:\/\/www.marjakauppa.fi\/mv_wp_site\/wp-content\/uploads\/2019\/07\/timojamansikkalootat.jpg 948w, https:\/\/www.marjakauppa.fi\/mv_wp_site\/wp-content\/uploads\/2019\/07\/timojamansikkalootat-600x342.jpg 600w, https:\/\/www.marjakauppa.fi\/mv_wp_site\/wp-content\/uploads\/2019\/07\/timojamansikkalootat-300x171.jpg 300w, https:\/\/www.marjakauppa.fi\/mv_wp_site\/wp-content\/uploads\/2019\/07\/timojamansikkalootat-768x437.jpg 768w\" sizes=\"(max-width: 948px) 100vw, 948px\" \/><\/em><\/p>\n<p><em>Kuopion Marja ja Vihannes myy marjoja my&ouml;s suoraan varastokylmi&ouml;st&auml; Kelloniemest&auml;. Timo Hoffren johtaa vuonna 1957 perustettua perheyrityst&auml;, jonka tuotteita ovat puutarha- ja mets&auml;marjat sek&auml; sienet.<\/em><\/p>\n<p><span style=\"text-decoration: underline;\"><span style=\"color: #000000;\"><a href=\"https:\/\/www.xpress.fi\/tuoretta-ja-terveellista\/\" target=\"_blank\" style=\"color: #000000; text-decoration: underline;\" rel=\"noopener noreferrer\">Lue juttu Savon XPress -lehdest&auml; &raquo;&raquo;&raquo;<\/a><\/span><\/span><\/p>\n<p>[\/et_pb_text][\/et_pb_column][\/et_pb_row][\/et_pb_section][et_pb_section fb_built=&#8221;1&#8243; fullwidth=&#8221;on&#8221; admin_label=&#8221;Osio&#8221; _builder_version=&#8221;3.22&#8243;][et_pb_fullwidth_code _builder_version=&#8221;4.5.5&#8243; _module_preset=&#8221;default&#8221; hover_enabled=&#8221;0&#8243;]<iframe loading=\"lazy\" src=\"https:\/\/www.google.com\/maps\/embed?pb=!1m18!1m12!1m3!1d1816.677602328874!2d27.69637955203072!3d62.913933782970155!2m3!1f0!2f0!3f0!3m2!1i1024!2i768!4f13.1!3m3!1m2!1s0x4684b06dbcb2ffe5%3A0xe7015849e1f8f6b1!2sSuurahontie%205%2C%2070460%20Kuopio!5e0!3m2!1sfi!2sfi!4v1600181407329!5m2!1sfi!2sfi\" width=\"100%\" height=\"450\" frameborder=\"0\" style=\"border:0;\" allowfullscreen=\"\" aria-hidden=\"false\" tabindex=\"0\"><\/iframe>[\/et_pb_fullwidth_code][\/et_pb_section]<\/p>\n","protected":false},"excerpt":{"rendered":"<p>Tuoretavaraa yli 50 satovuoden kokemuksella Kuopion Marja ja Vihannes Oy on vuonna 1957 perustettu kuopiolainen perheyritys. Teemme yhteisty\u00f6t\u00e4 paikallisten tuottajien kanssa, mink\u00e4 ansiosta pystymme tarjoamaan taatusti tuoreita tuotteita sek\u00e4 aitoa l\u00e4hiruokaa: suurin osa myymist\u00e4mme tuotteista tulee Pohjois-Savosta. &nbsp; Kuopion Marja ja Vihannes myy marjoja my&ouml;s suoraan varastokylmi&ouml;st&auml; Kelloniemest&auml;. Timo Hoffren johtaa vuonna 1957 perustettua perheyrityst&auml;, [&hellip;]<\/p>\n","protected":false},"author":1,"featured_media":0,"parent":0,"menu_order":0,"comment_status":"open","ping_status":"open","template":"","meta":{"_et_pb_use_builder":"on","_et_pb_old_content":"","_et_gb_content_width":"","footnotes":""},"class_list":["post-97","page","type-page","status-publish","hentry"],"_links":{"self":[{"href":"https:\/\/www.marjakauppa.fi\/mv_wp_site\/wp-json\/wp\/v2\/pages\/97","targetHints":{"allow":["GET"]}}],"collection":[{"href":"https:\/\/www.marjakauppa.fi\/mv_wp_site\/wp-json\/wp\/v2\/pages"}],"about":[{"href":"https:\/\/www.marjakauppa.fi\/mv_wp_site\/wp-json\/wp\/v2\/types\/page"}],"author":[{"embeddable":true,"href":"https:\/\/www.marjakauppa.fi\/mv_wp_site\/wp-json\/wp\/v2\/users\/1"}],"replies":[{"embeddable":true,"href":"https:\/\/www.marjakauppa.fi\/mv_wp_site\/wp-json\/wp\/v2\/comments?post=97"}],"version-history":[{"count":15,"href":"https:\/\/www.marjakauppa.fi\/mv_wp_site\/wp-json\/wp\/v2\/pages\/97\/revisions"}],"predecessor-version":[{"id":2274,"href":"https:\/\/www.marjakauppa.fi\/mv_wp_site\/wp-json\/wp\/v2\/pages\/97\/revisions\/2274"}],"wp:attachment":[{"href":"https:\/\/www.marjakauppa.fi\/mv_wp_site\/wp-json\/wp\/v2\/media?parent=97"}],"curies":[{"name":"wp","href":"https:\/\/api.w.org\/{rel}","templated":true}]}}